{"id":47,"date":"2020-11-16T05:17:22","date_gmt":"2020-11-15T23:17:22","guid":{"rendered":"https:\/\/www.abundanciamindset.com\/?page_id=47"},"modified":"2022-03-08T18:46:46","modified_gmt":"2022-03-08T18:46:46","slug":"start-here","status":"publish","type":"page","link":"https:\/\/abundanciamindset.com\/es\/start-here\/","title":{"rendered":"Comienza aqu\u00ed"},"content":{"rendered":"<p class=\"has-white-color has-text-color\">&#8230;..<\/p>\n\n\n\n<h2 class=\"wp-block-heading\">\u00a1Bienvenido a La Mente Abundante!<\/h2>\n\n\n\n<p>Entiendo que todos se encuentran en una etapa diferente de su viaje de finanzas personales, y por eso he decidido comenzar con los conceptos b\u00e1sicos de finanzas que me han ayudado en el pasado a salir de deudas y emprender en mi viaje para invertir. El prop\u00f3sito de este blog es asegurarnos de crear un sistema autom\u00e1tico de finanzas personales que nos permita automatizar la mayor parte de nuestras finanzas, permita la inversi\u00f3n y el crecimiento o, en \u00faltima instancia, nos deje con el dinero para gastar sin preocupaciones. <\/p>\n\n\n\n<p>Si est\u00e1s buscando un blog que te diga que debes dejar de comprar caf\u00e9 para ahorrar y resulta que eres un amante del caf\u00e9, \u00a1este no es el lugar adecuado para ti! Sin embargo, si est\u00e1s buscando gastar en las cosas que disfrutas en la vida y reducir las cosas que no agregan valor a tu vida, entonces est\u00e1s en el lugar correcto. <\/p>\n\n\n\n<p>Nuevamente, estoy comenzando con los conceptos b\u00e1sicos aqu\u00ed, por lo que pueden ser de sentido com\u00fan para algunos de ustedes, pero pueden ser muy importantes para otros en su base de finanzas personales, que es importante para nuestro crecimiento financiero.<\/p>\n\n\n\n<p> <\/p>\n\n\n\n<h2 class=\"wp-block-heading\">\u00a1Comenzemos!<\/h2>\n\n\n\n<p>\u00a1Haz clic en cualquiera de los temas que m\u00e1s te interesen! A medida que escriba m\u00e1s art\u00edculos, continuar\u00e9 actualizando estas categor\u00edas.<\/p>\n\n\n\n<div class=\"wp-block-group\"><div class=\"wp-block-group__inner-container is-layout-flow wp-block-group-is-layout-flow\">\n<div class=\"wp-block-group\"><div class=\"wp-block-group__inner-container is-layout-flow wp-block-group-is-layout-flow\">\n<figure class=\"wp-block-gallery has-nested-images columns-default is-cropped wp-block-gallery-1 is-layout-flex wp-block-gallery-is-layout-flex\">\n<figure class=\"wp-block-image size-large\"><a href=\"https:\/\/abundanciamindset.com\/es\/?page_id=671\"><img data-recalc-dims=\"1\" loading=\"lazy\" decoding=\"async\" width=\"1024\" height=\"1024\" data-id=\"683\" src=\"https:\/\/i0.wp.com\/www.abundanciamindset.com\/wp-content\/uploads\/2020\/12\/1-1024x1024.png?resize=1024%2C1024&#038;ssl=1\" alt=\"\" class=\"wp-image-683 img-fluid\" srcset=\"https:\/\/i0.wp.com\/abundanciamindset.com\/wp-content\/uploads\/2020\/12\/1.png?resize=1024%2C1024&amp;ssl=1 1024w, https:\/\/i0.wp.com\/abundanciamindset.com\/wp-content\/uploads\/2020\/12\/1.png?resize=300%2C300&amp;ssl=1 300w, https:\/\/i0.wp.com\/abundanciamindset.com\/wp-content\/uploads\/2020\/12\/1.png?resize=150%2C150&amp;ssl=1 150w, https:\/\/i0.wp.com\/abundanciamindset.com\/wp-content\/uploads\/2020\/12\/1.png?resize=768%2C768&amp;ssl=1 768w, https:\/\/i0.wp.com\/abundanciamindset.com\/wp-content\/uploads\/2020\/12\/1.png?w=1080&amp;ssl=1 1080w\" sizes=\"auto, (max-width: 1000px) 100vw, 1000px\" \/><\/a><\/figure>\n\n\n\n<figure class=\"wp-block-image size-large\"><img data-recalc-dims=\"1\" loading=\"lazy\" decoding=\"async\" width=\"1024\" height=\"1024\" data-id=\"684\" src=\"https:\/\/i0.wp.com\/www.abundanciamindset.com\/wp-content\/uploads\/2020\/12\/2-1024x1024.png?resize=1024%2C1024&#038;ssl=1\" alt=\"\" class=\"wp-image-684 img-fluid\" srcset=\"https:\/\/i0.wp.com\/abundanciamindset.com\/wp-content\/uploads\/2020\/12\/2.png?resize=1024%2C1024&amp;ssl=1 1024w, https:\/\/i0.wp.com\/abundanciamindset.com\/wp-content\/uploads\/2020\/12\/2.png?resize=300%2C300&amp;ssl=1 300w, https:\/\/i0.wp.com\/abundanciamindset.com\/wp-content\/uploads\/2020\/12\/2.png?resize=150%2C150&amp;ssl=1 150w, https:\/\/i0.wp.com\/abundanciamindset.com\/wp-content\/uploads\/2020\/12\/2.png?resize=768%2C768&amp;ssl=1 768w, https:\/\/i0.wp.com\/abundanciamindset.com\/wp-content\/uploads\/2020\/12\/2.png?w=1080&amp;ssl=1 1080w\" sizes=\"auto, (max-width: 1000px) 100vw, 1000px\" \/><\/figure>\n\n\n\n<figure class=\"wp-block-image size-large\"><img data-recalc-dims=\"1\" loading=\"lazy\" decoding=\"async\" width=\"1024\" height=\"1024\" data-id=\"685\" src=\"https:\/\/i0.wp.com\/www.abundanciamindset.com\/wp-content\/uploads\/2020\/12\/3-1024x1024.png?resize=1024%2C1024&#038;ssl=1\" alt=\"\" class=\"wp-image-685 img-fluid\" srcset=\"https:\/\/i0.wp.com\/abundanciamindset.com\/wp-content\/uploads\/2020\/12\/3.png?resize=1024%2C1024&amp;ssl=1 1024w, https:\/\/i0.wp.com\/abundanciamindset.com\/wp-content\/uploads\/2020\/12\/3.png?resize=300%2C300&amp;ssl=1 300w, https:\/\/i0.wp.com\/abundanciamindset.com\/wp-content\/uploads\/2020\/12\/3.png?resize=150%2C150&amp;ssl=1 150w, https:\/\/i0.wp.com\/abundanciamindset.com\/wp-content\/uploads\/2020\/12\/3.png?resize=768%2C768&amp;ssl=1 768w, https:\/\/i0.wp.com\/abundanciamindset.com\/wp-content\/uploads\/2020\/12\/3.png?w=1080&amp;ssl=1 1080w\" sizes=\"auto, (max-width: 1000px) 100vw, 1000px\" \/><\/figure>\n\n\n\n<figure class=\"wp-block-image size-large\"><img data-recalc-dims=\"1\" loading=\"lazy\" decoding=\"async\" width=\"1080\" height=\"1080\" data-id=\"686\" src=\"https:\/\/i0.wp.com\/www.abundanciamindset.com\/wp-content\/uploads\/2020\/12\/4-1024x1024.png?resize=1080%2C1080&#038;ssl=1\" alt=\"\" class=\"wp-image-686 img-fluid\" srcset=\"https:\/\/i0.wp.com\/abundanciamindset.com\/wp-content\/uploads\/2020\/12\/4.png?resize=1024%2C1024&amp;ssl=1 1024w, https:\/\/i0.wp.com\/abundanciamindset.com\/wp-content\/uploads\/2020\/12\/4.png?resize=300%2C300&amp;ssl=1 300w, https:\/\/i0.wp.com\/abundanciamindset.com\/wp-content\/uploads\/2020\/12\/4.png?resize=150%2C150&amp;ssl=1 150w, https:\/\/i0.wp.com\/abundanciamindset.com\/wp-content\/uploads\/2020\/12\/4.png?resize=768%2C768&amp;ssl=1 768w, https:\/\/i0.wp.com\/abundanciamindset.com\/wp-content\/uploads\/2020\/12\/4.png?w=1080&amp;ssl=1 1080w\" sizes=\"auto, (max-width: 1000px) 100vw, 1000px\" \/><\/figure>\n\n\n\n<figure class=\"wp-block-image size-large\"><img data-recalc-dims=\"1\" loading=\"lazy\" decoding=\"async\" width=\"1024\" height=\"1024\" data-id=\"687\" src=\"https:\/\/i0.wp.com\/www.abundanciamindset.com\/wp-content\/uploads\/2020\/12\/5-1024x1024.png?resize=1024%2C1024&#038;ssl=1\" alt=\"\" class=\"wp-image-687 img-fluid\" srcset=\"https:\/\/i0.wp.com\/abundanciamindset.com\/wp-content\/uploads\/2020\/12\/5.png?resize=1024%2C1024&amp;ssl=1 1024w, https:\/\/i0.wp.com\/abundanciamindset.com\/wp-content\/uploads\/2020\/12\/5.png?resize=300%2C300&amp;ssl=1 300w, https:\/\/i0.wp.com\/abundanciamindset.com\/wp-content\/uploads\/2020\/12\/5.png?resize=150%2C150&amp;ssl=1 150w, https:\/\/i0.wp.com\/abundanciamindset.com\/wp-content\/uploads\/2020\/12\/5.png?resize=768%2C768&amp;ssl=1 768w, https:\/\/i0.wp.com\/abundanciamindset.com\/wp-content\/uploads\/2020\/12\/5.png?w=1080&amp;ssl=1 1080w\" sizes=\"auto, (max-width: 1000px) 100vw, 1000px\" \/><\/figure>\n\n\n\n<figure class=\"wp-block-image size-large\"><img data-recalc-dims=\"1\" loading=\"lazy\" decoding=\"async\" width=\"1024\" height=\"1024\" data-id=\"889\" src=\"https:\/\/i0.wp.com\/abundanciamindset.com\/wp-content\/uploads\/2021\/03\/6.Educate-Yourself.png?resize=1024%2C1024&#038;ssl=1\" alt=\"Educate yourself\" class=\"wp-image-889 img-fluid\" srcset=\"https:\/\/i0.wp.com\/abundanciamindset.com\/wp-content\/uploads\/2021\/03\/6.Educate-Yourself.png?resize=1024%2C1024&amp;ssl=1 1024w, https:\/\/i0.wp.com\/abundanciamindset.com\/wp-content\/uploads\/2021\/03\/6.Educate-Yourself.png?resize=300%2C300&amp;ssl=1 300w, https:\/\/i0.wp.com\/abundanciamindset.com\/wp-content\/uploads\/2021\/03\/6.Educate-Yourself.png?resize=150%2C150&amp;ssl=1 150w, https:\/\/i0.wp.com\/abundanciamindset.com\/wp-content\/uploads\/2021\/03\/6.Educate-Yourself.png?resize=768%2C768&amp;ssl=1 768w, https:\/\/i0.wp.com\/abundanciamindset.com\/wp-content\/uploads\/2021\/03\/6.Educate-Yourself.png?w=1080&amp;ssl=1 1080w\" sizes=\"auto, (max-width: 1000px) 100vw, 1000px\" \/><\/figure>\n<\/figure>\n<\/div><\/div>\n<\/div><\/div>\n\n\n\n<p>\u00a1Espero que esta serie inicial de blogs te ayude en tu propio camino hacia la inversi\u00f3n y el crecimiento!<\/p>","protected":false},"excerpt":{"rendered":"<p>&#8230;.. Welcome to Abundancia Mindset! Understanding that everyone is at a different stage of their own personal finance journey, I&#8217;ve decided to start with the basic 101&#8217;s of financial concepts that have helped me in the past in getting out of debt and in a path to invest. The whole purpose of this blog is &hellip; <\/p>\n<p class=\"link-more\"><a href=\"https:\/\/abundanciamindset.com\/es\/start-here\/\" class=\"more-link\">Continue reading<span class=\"screen-reader-text\"> &#8220;Start here&#8221;<\/span><\/a><\/p>","protected":false},"author":2,"featured_media":0,"parent":0,"menu_order":0,"comment_status":"closed","ping_status":"closed","template":"","meta":{"nf_dc_page":"","footnotes":""},"class_list":["post-47","page","type-page","status-publish","hentry"],"jetpack_sharing_enabled":true,"_links":{"self":[{"href":"https:\/\/abundanciamindset.com\/es\/wp-json\/wp\/v2\/pages\/47","targetHints":{"allow":["GET"]}}],"collection":[{"href":"https:\/\/abundanciamindset.com\/es\/wp-json\/wp\/v2\/pages"}],"about":[{"href":"https:\/\/abundanciamindset.com\/es\/wp-json\/wp\/v2\/types\/page"}],"author":[{"embeddable":true,"href":"https:\/\/abundanciamindset.com\/es\/wp-json\/wp\/v2\/users\/2"}],"replies":[{"embeddable":true,"href":"https:\/\/abundanciamindset.com\/es\/wp-json\/wp\/v2\/comments?post=47"}],"version-history":[{"count":1,"href":"https:\/\/abundanciamindset.com\/es\/wp-json\/wp\/v2\/pages\/47\/revisions"}],"predecessor-version":[{"id":1064,"href":"https:\/\/abundanciamindset.com\/es\/wp-json\/wp\/v2\/pages\/47\/revisions\/1064"}],"wp:attachment":[{"href":"https:\/\/abundanciamindset.com\/es\/wp-json\/wp\/v2\/media?parent=47"}],"curies":[{"name":"wp","href":"https:\/\/api.w.org\/{rel}","templated":true}]}}